{"id":4616,"date":"2022-04-25T09:15:14","date_gmt":"2022-04-25T12:15:14","guid":{"rendered":"https:\/\/www.mpal.mp.br\/?page_id=4616"},"modified":"2023-04-20T09:53:17","modified_gmt":"2023-04-20T12:53:17","slug":"projetos-planejamento-estrategico","status":"publish","type":"page","link":"https:\/\/www.mpal.mp.br\/?page_id=4616","title":{"rendered":"Projetos &#8211; Planejamento Estrat\u00e9gico"},"content":{"rendered":"<div class=\"fusion-fullwidth fullwidth-box fusion-builder-row-1 nonhundred-percent-fullwidth non-hundred-percent-height-scrolling\"  style='background-color: #ffffff;background-position: center center;background-repeat: no-repeat;padding-top:0px;padding-right:0px;padding-bottom:0px;padding-left:0px;'><div class=\"fusion-builder-row fusion-row \"><div  class=\"fusion-layout-column fusion_builder_column fusion_builder_column_1_1 fusion-builder-column-1 fusion-one-full fusion-column-first fusion-column-last 1_1\"  style='margin-top:0px;margin-bottom:20px;'>\n\t\t\t\t\t<div class=\"fusion-column-wrapper\" style=\"padding: 0px 0px 0px 0px;background-position:left top;background-repeat:no-repeat;-webkit-background-size:cover;-moz-background-size:cover;-o-background-size:cover;background-size:cover;\"   data-bg-url=\"\">\n\t\t\t\t\t\t<div class=\"fusion-widget-area fusion-widget-area-1 fusion-content-widget-area\"><style type=\"text\/css\">.fusion-widget-area-1 {padding:0px 0px 0px 0px;}.fusion-widget-area-1 .widget h4 {color:#000000;}.fusion-widget-area-1 .widget .heading h4 {color:#000000;}.fusion-widget-area-1 .widget h4 {font-size:20px;}.fusion-widget-area-1 .widget .heading h4 {font-size:20px;}<\/style><section id=\"nav_menu-3\" class=\"fusion-slidingbar-widget-column widget widget_nav_menu\"><div class=\"menu-nucleos-caop-container\"><ul id=\"menu-nucleos-caop\" class=\"menu\"><li id=\"menu-item-65829\" class=\"menu-item menu-item-type-custom menu-item-object-custom menu-item-65829\"><a href=\"https:\/\/www.mpal.mp.br\/?page_id=19072\">N\u00facleo de Defesa do Consumidor<\/a><\/li>\n<li id=\"menu-item-65830\" class=\"menu-item menu-item-type-custom menu-item-object-custom menu-item-65830\"><a href=\"https:\/\/www.mpal.mp.br\/?page_id=19126\">N\u00facleo de Defesa da Sa\u00fade P\u00fablica<\/a><\/li>\n<li id=\"menu-item-65831\" class=\"menu-item menu-item-type-custom menu-item-object-custom menu-item-65831\"><a href=\"https:\/\/www.mpal.mp.br\/?page_id=43064\">N\u00facleo do Urbanismo<\/a><\/li>\n<li id=\"menu-item-65832\" class=\"menu-item menu-item-type-custom menu-item-object-custom menu-item-65832\"><a href=\"https:\/\/www.mpal.mp.br\/?page_id=19145\">N\u00facleo do Meio Ambiente<\/a><\/li>\n<li id=\"menu-item-65833\" class=\"menu-item menu-item-type-custom menu-item-object-custom menu-item-65833\"><a href=\"https:\/\/www.mpal.mp.br\/?page_id=19135\">N\u00facleo de Defesa do Patrim\u00f4nio P\u00fablico<\/a><\/li>\n<li id=\"menu-item-65834\" class=\"menu-item menu-item-type-custom menu-item-object-custom menu-item-65834\"><a href=\"https:\/\/www.mpal.mp.br\/?page_id=19140\">N\u00facleo de Apoio \u00e0s V\u00edtimas e aos Desaparecidos<\/a><\/li>\n<li id=\"menu-item-65835\" class=\"menu-item menu-item-type-custom menu-item-object-custom menu-item-65835\"><a href=\"https:\/\/www.mpal.mp.br\/?page_id=19151\">N\u00facleo de Defesa da Mulher<\/a><\/li>\n<li id=\"menu-item-65836\" class=\"menu-item menu-item-type-custom menu-item-object-custom menu-item-65836\"><a href=\"https:\/\/www.mpal.mp.br\/?page_id=19161\">N\u00facleo de Combate \u00e0 Criminalidade<\/a><\/li>\n<li id=\"menu-item-65837\" class=\"menu-item menu-item-type-custom menu-item-object-custom menu-item-65837\"><a href=\"https:\/\/www.mpal.mp.br\/?page_id=19001\">N\u00facleo de Defesa da Inf\u00e2ncia e Juventude<\/a><\/li>\n<li id=\"menu-item-65838\" class=\"menu-item menu-item-type-custom menu-item-object-custom menu-item-65838\"><a href=\"https:\/\/www.mpal.mp.br\/?page_id=43052\">N\u00facleo de Controle Externo da Atividade Policial<\/a><\/li>\n<li id=\"menu-item-65860\" class=\"menu-item menu-item-type-custom menu-item-object-custom menu-item-65860\"><a href=\"https:\/\/www.mpal.mp.br\/?page_id=65854\">N\u00facleo de Defesa dos Direitos Humanos e Direito Internacional<\/a><\/li>\n<li id=\"menu-item-65881\" class=\"menu-item menu-item-type-custom menu-item-object-custom menu-item-65881\"><a href=\"https:\/\/www.mpal.mp.br\/?page_id=65868\">N\u00facleo da Pessoa Idosa e da Pessoa com Defici\u00eancia<\/a><\/li>\n<li id=\"menu-item-65889\" class=\"menu-item menu-item-type-custom menu-item-object-custom menu-item-65889\"><a href=\"https:\/\/www.mpal.mp.br\/?page_id=65884\">N\u00facleo de Apoio T\u00e9cnico<\/a><\/li>\n<li id=\"menu-item-65897\" class=\"menu-item menu-item-type-custom menu-item-object-custom menu-item-65897\"><a href=\"https:\/\/www.mpal.mp.br\/?page_id=65890\">N\u00facleo da Educa\u00e7\u00e3o<\/a><\/li>\n<li id=\"menu-item-66467\" class=\"menu-item menu-item-type-post_type menu-item-object-page menu-item-66467\"><a href=\"https:\/\/www.mpal.mp.br\/?page_id=66462\">N\u00facleo de Direito de Fam\u00edlia<\/a><\/li>\n<li id=\"menu-item-66472\" class=\"menu-item menu-item-type-post_type menu-item-object-page menu-item-66472\"><a href=\"https:\/\/www.mpal.mp.br\/?page_id=66468\">N\u00facleo do Tribunal do J\u00fari<\/a><\/li>\n<\/ul><\/div><div style=\"clear:both;\"><\/div><\/section><div class=\"fusion-additional-widget-content\"><\/div><\/div><div class=\"fusion-recent-posts fusion-recent-posts-1 avada-container layout-default layout-columns-3\"><section class=\"fusion-columns columns fusion-columns-3 columns-3\"><article class=\"post fusion-column column col col-lg-4 col-md-4 col-sm-4\"><div class=\"fusion-flexslider fusion-flexslider-loading flexslider flexslider-hover-type-none\"><ul class=\"slides\"><li><a href=\"https:\/\/www.mpal.mp.br\/?p=60868\" aria-label=\"Projeto &#8211; PM: Quero Paz!\" class=\"hover-type-none\"><img loading=\"lazy\" decoding=\"async\" width=\"700\" height=\"413\" src=\"https:\/\/www.mpal.mp.br\/wp-content\/uploads\/2025\/09\/011.jpg\" class=\"attachment-recent-posts size-recent-posts\" alt=\"\" \/><\/a><\/li><\/ul><\/div><div class=\"recent-posts-content\"><span class=\"vcard\" style=\"display: none;\"><span class=\"fn\"><a href=\"https:\/\/www.mpal.mp.br\/?author=2\" title=\"Posts de Administrador03\" rel=\"author\">Administrador03<\/a><\/span><\/span><span class=\"updated\" style=\"display:none;\">2025-09-10T10:10:39-03:00<\/span><h4 class=\"entry-title\"><a href=\"https:\/\/www.mpal.mp.br\/?p=60868\">Projeto &#8211; PM: Quero Paz!<\/a><\/h4><p class=\"meta\"><span class=\"vcard\" style=\"display: none;\"><span class=\"fn\"><a href=\"https:\/\/www.mpal.mp.br\/?author=2\" title=\"Posts de Administrador03\" rel=\"author\">Administrador03<\/a><\/span><\/span><span class=\"updated\" style=\"display:none;\">2025-09-10T10:10:39-03:00<\/span><span> 4 de setembro de 2025<\/span><span class=\"fusion-inline-sep\">|<\/span><a href=\"https:\/\/www.mpal.mp.br\/?cat=28\" rel=\"category\">Projetos<\/a><span class=\"fusion-inline-sep\">|<\/span><\/p><\/div><\/article><article class=\"post fusion-column column col col-lg-4 col-md-4 col-sm-4\"><div class=\"fusion-flexslider fusion-flexslider-loading flexslider flexslider-hover-type-none\"><ul class=\"slides\"><li><a href=\"https:\/\/www.mpal.mp.br\/?p=60799\" aria-label=\"Projeto &#8211; Acolher para Proteger\" class=\"hover-type-none\"><img loading=\"lazy\" decoding=\"async\" width=\"700\" height=\"413\" src=\"https:\/\/www.mpal.mp.br\/wp-content\/uploads\/2025\/09\/002.jpg\" class=\"attachment-recent-posts size-recent-posts\" alt=\"\" \/><\/a><\/li><\/ul><\/div><div class=\"recent-posts-content\"><span class=\"vcard\" style=\"display: none;\"><span class=\"fn\"><a href=\"https:\/\/www.mpal.mp.br\/?author=2\" title=\"Posts de Administrador03\" rel=\"author\">Administrador03<\/a><\/span><\/span><span class=\"updated\" style=\"display:none;\">2025-09-10T08:45:48-03:00<\/span><h4 class=\"entry-title\"><a href=\"https:\/\/www.mpal.mp.br\/?p=60799\">Projeto &#8211; Acolher para Proteger<\/a><\/h4><p class=\"meta\"><span class=\"vcard\" style=\"display: none;\"><span class=\"fn\"><a href=\"https:\/\/www.mpal.mp.br\/?author=2\" title=\"Posts de Administrador03\" rel=\"author\">Administrador03<\/a><\/span><\/span><span class=\"updated\" style=\"display:none;\">2025-09-10T08:45:48-03:00<\/span><span> 4 de setembro de 2025<\/span><span class=\"fusion-inline-sep\">|<\/span><a href=\"https:\/\/www.mpal.mp.br\/?cat=28\" rel=\"category\">Projetos<\/a><span class=\"fusion-inline-sep\">|<\/span><\/p><\/div><\/article><article class=\"post fusion-column column col col-lg-4 col-md-4 col-sm-4\"><div class=\"fusion-flexslider fusion-flexslider-loading flexslider flexslider-hover-type-none\"><ul class=\"slides\"><li><a href=\"https:\/\/www.mpal.mp.br\/?p=60949\" aria-label=\"Projeto &#8211; O Futuro \u00e9 agora &#8211; MPAL na luta contra a fome\" class=\"hover-type-none\"><img loading=\"lazy\" decoding=\"async\" width=\"700\" height=\"413\" src=\"https:\/\/www.mpal.mp.br\/wp-content\/uploads\/2025\/09\/014.jpg\" class=\"attachment-recent-posts size-recent-posts\" alt=\"\" \/><\/a><\/li><\/ul><\/div><div class=\"recent-posts-content\"><span class=\"vcard\" style=\"display: none;\"><span class=\"fn\"><a href=\"https:\/\/www.mpal.mp.br\/?author=2\" title=\"Posts de Administrador03\" rel=\"author\">Administrador03<\/a><\/span><\/span><span class=\"updated\" style=\"display:none;\">2025-09-11T10:08:18-03:00<\/span><h4 class=\"entry-title\"><a href=\"https:\/\/www.mpal.mp.br\/?p=60949\">Projeto &#8211; O Futuro \u00e9 agora &#8211; MPAL na luta contra a fome<\/a><\/h4><p class=\"meta\"><span class=\"vcard\" style=\"display: none;\"><span class=\"fn\"><a href=\"https:\/\/www.mpal.mp.br\/?author=2\" title=\"Posts de Administrador03\" rel=\"author\">Administrador03<\/a><\/span><\/span><span class=\"updated\" style=\"display:none;\">2025-09-11T10:08:18-03:00<\/span><span> 1 de setembro de 2025<\/span><span class=\"fusion-inline-sep\">|<\/span><a href=\"https:\/\/www.mpal.mp.br\/?cat=28\" rel=\"category\">Projetos<\/a><span class=\"fusion-inline-sep\">|<\/span><\/p><\/div><\/article><article class=\"post fusion-column column col col-lg-4 col-md-4 col-sm-4\"><div class=\"fusion-flexslider fusion-flexslider-loading flexslider flexslider-hover-type-none\"><ul class=\"slides\"><li><a href=\"https:\/\/www.mpal.mp.br\/?p=60854\" aria-label=\"Projeto &#8211; O Fomento do terceiro\" class=\"hover-type-none\"><img loading=\"lazy\" decoding=\"async\" width=\"700\" height=\"413\" src=\"https:\/\/www.mpal.mp.br\/wp-content\/uploads\/2025\/09\/010.jpg\" class=\"attachment-recent-posts size-recent-posts\" alt=\"\" \/><\/a><\/li><\/ul><\/div><div class=\"recent-posts-content\"><span class=\"vcard\" style=\"display: none;\"><span class=\"fn\"><a href=\"https:\/\/www.mpal.mp.br\/?author=2\" title=\"Posts de Administrador03\" rel=\"author\">Administrador03<\/a><\/span><\/span><span class=\"updated\" style=\"display:none;\">2025-09-10T09:53:04-03:00<\/span><h4 class=\"entry-title\"><a href=\"https:\/\/www.mpal.mp.br\/?p=60854\">Projeto &#8211; O Fomento do terceiro<\/a><\/h4><p class=\"meta\"><span class=\"vcard\" style=\"display: none;\"><span class=\"fn\"><a href=\"https:\/\/www.mpal.mp.br\/?author=2\" title=\"Posts de Administrador03\" rel=\"author\">Administrador03<\/a><\/span><\/span><span class=\"updated\" style=\"display:none;\">2025-09-10T09:53:04-03:00<\/span><span> 1 de setembro de 2025<\/span><span class=\"fusion-inline-sep\">|<\/span><a href=\"https:\/\/www.mpal.mp.br\/?cat=28\" rel=\"category\">Projetos<\/a><span class=\"fusion-inline-sep\">|<\/span><\/p><\/div><\/article><article class=\"post fusion-column column col col-lg-4 col-md-4 col-sm-4\"><div class=\"fusion-flexslider fusion-flexslider-loading flexslider flexslider-hover-type-none\"><ul class=\"slides\"><li><a href=\"https:\/\/www.mpal.mp.br\/?p=60846\" aria-label=\"Projeto &#8211; Nossa Educa\u00e7\u00e3o daria um Livro\" class=\"hover-type-none\"><img loading=\"lazy\" decoding=\"async\" width=\"700\" height=\"413\" src=\"https:\/\/www.mpal.mp.br\/wp-content\/uploads\/2025\/09\/009.jpg\" class=\"attachment-recent-posts size-recent-posts\" alt=\"\" \/><\/a><\/li><\/ul><\/div><div class=\"recent-posts-content\"><span class=\"vcard\" style=\"display: none;\"><span class=\"fn\"><a href=\"https:\/\/www.mpal.mp.br\/?author=2\" title=\"Posts de Administrador03\" rel=\"author\">Administrador03<\/a><\/span><\/span><span class=\"updated\" style=\"display:none;\">2025-09-10T09:45:49-03:00<\/span><h4 class=\"entry-title\"><a href=\"https:\/\/www.mpal.mp.br\/?p=60846\">Projeto &#8211; Nossa Educa\u00e7\u00e3o daria um Livro<\/a><\/h4><p class=\"meta\"><span class=\"vcard\" style=\"display: none;\"><span class=\"fn\"><a href=\"https:\/\/www.mpal.mp.br\/?author=2\" title=\"Posts de Administrador03\" rel=\"author\">Administrador03<\/a><\/span><\/span><span class=\"updated\" style=\"display:none;\">2025-09-10T09:45:49-03:00<\/span><span> 1 de setembro de 2025<\/span><span class=\"fusion-inline-sep\">|<\/span><a href=\"https:\/\/www.mpal.mp.br\/?cat=28\" rel=\"category\">Projetos<\/a><span class=\"fusion-inline-sep\">|<\/span><\/p><\/div><\/article><article class=\"post fusion-column column col col-lg-4 col-md-4 col-sm-4\"><div class=\"fusion-flexslider fusion-flexslider-loading flexslider flexslider-hover-type-none\"><ul class=\"slides\"><li><a href=\"https:\/\/www.mpal.mp.br\/?p=60806\" aria-label=\"Projeto &#8211; Educar e Proteger\" class=\"hover-type-none\"><img loading=\"lazy\" decoding=\"async\" width=\"700\" height=\"413\" src=\"https:\/\/www.mpal.mp.br\/wp-content\/uploads\/2025\/09\/003.jpg\" class=\"attachment-recent-posts size-recent-posts\" alt=\"\" \/><\/a><\/li><\/ul><\/div><div class=\"recent-posts-content\"><span class=\"vcard\" style=\"display: none;\"><span class=\"fn\"><a href=\"https:\/\/www.mpal.mp.br\/?author=2\" title=\"Posts de Administrador03\" rel=\"author\">Administrador03<\/a><\/span><\/span><span class=\"updated\" style=\"display:none;\">2025-09-10T08:56:41-03:00<\/span><h4 class=\"entry-title\"><a href=\"https:\/\/www.mpal.mp.br\/?p=60806\">Projeto &#8211; Educar e Proteger<\/a><\/h4><p class=\"meta\"><span class=\"vcard\" style=\"display: none;\"><span class=\"fn\"><a href=\"https:\/\/www.mpal.mp.br\/?author=2\" title=\"Posts de Administrador03\" rel=\"author\">Administrador03<\/a><\/span><\/span><span class=\"updated\" style=\"display:none;\">2025-09-10T08:56:41-03:00<\/span><span> 1 de setembro de 2025<\/span><span class=\"fusion-inline-sep\">|<\/span><a href=\"https:\/\/www.mpal.mp.br\/?cat=28\" rel=\"category\">Projetos<\/a><span class=\"fusion-inline-sep\">|<\/span><\/p><\/div><\/article><article class=\"post fusion-column column col col-lg-4 col-md-4 col-sm-4\"><div class=\"fusion-flexslider fusion-flexslider-loading flexslider flexslider-hover-type-none\"><ul class=\"slides\"><li><a href=\"https:\/\/www.mpal.mp.br\/?p=60818\" aria-label=\"Projeto &#8211; Expresso Profissionalizante\" class=\"hover-type-none\"><img loading=\"lazy\" decoding=\"async\" width=\"700\" height=\"413\" src=\"https:\/\/www.mpal.mp.br\/wp-content\/uploads\/2025\/09\/005.jpg\" class=\"attachment-recent-posts size-recent-posts\" alt=\"\" \/><\/a><\/li><\/ul><\/div><div class=\"recent-posts-content\"><span class=\"vcard\" style=\"display: none;\"><span class=\"fn\"><a href=\"https:\/\/www.mpal.mp.br\/?author=2\" title=\"Posts de Administrador03\" rel=\"author\">Administrador03<\/a><\/span><\/span><span class=\"updated\" style=\"display:none;\">2025-09-11T09:54:48-03:00<\/span><h4 class=\"entry-title\"><a href=\"https:\/\/www.mpal.mp.br\/?p=60818\">Projeto &#8211; Expresso Profissionalizante<\/a><\/h4><p class=\"meta\"><span class=\"vcard\" style=\"display: none;\"><span class=\"fn\"><a href=\"https:\/\/www.mpal.mp.br\/?author=2\" title=\"Posts de Administrador03\" rel=\"author\">Administrador03<\/a><\/span><\/span><span class=\"updated\" style=\"display:none;\">2025-09-11T09:54:48-03:00<\/span><span> 30 de agosto de 2025<\/span><span class=\"fusion-inline-sep\">|<\/span><a href=\"https:\/\/www.mpal.mp.br\/?cat=28\" rel=\"category\">Projetos<\/a><span class=\"fusion-inline-sep\">|<\/span><\/p><\/div><\/article><article class=\"post fusion-column column col col-lg-4 col-md-4 col-sm-4\"><div class=\"fusion-flexslider fusion-flexslider-loading flexslider flexslider-hover-type-none\"><ul class=\"slides\"><li><a href=\"https:\/\/www.mpal.mp.br\/?p=60862\" aria-label=\"Projeto &#8211; O pre\u00e7o do Crime &#8211; Repara\u00e7\u00e3o Penal com responsabilidade social\" class=\"hover-type-none\"><img loading=\"lazy\" decoding=\"async\" width=\"700\" height=\"413\" src=\"https:\/\/www.mpal.mp.br\/wp-content\/uploads\/2022\/10\/projeto_007.jpg\" class=\"attachment-recent-posts size-recent-posts\" alt=\"\" \/><\/a><\/li><\/ul><\/div><div class=\"recent-posts-content\"><span class=\"vcard\" style=\"display: none;\"><span class=\"fn\"><a href=\"https:\/\/www.mpal.mp.br\/?author=2\" title=\"Posts de Administrador03\" rel=\"author\">Administrador03<\/a><\/span><\/span><span class=\"updated\" style=\"display:none;\">2025-09-10T09:59:23-03:00<\/span><h4 class=\"entry-title\"><a href=\"https:\/\/www.mpal.mp.br\/?p=60862\">Projeto &#8211; O pre\u00e7o do Crime &#8211; Repara\u00e7\u00e3o Penal com responsabilidade social<\/a><\/h4><p class=\"meta\"><span class=\"vcard\" style=\"display: none;\"><span class=\"fn\"><a href=\"https:\/\/www.mpal.mp.br\/?author=2\" title=\"Posts de Administrador03\" rel=\"author\">Administrador03<\/a><\/span><\/span><span class=\"updated\" style=\"display:none;\">2025-09-10T09:59:23-03:00<\/span><span> 31 de julho de 2025<\/span><span class=\"fusion-inline-sep\">|<\/span><a href=\"https:\/\/www.mpal.mp.br\/?cat=28\" rel=\"category\">Projetos<\/a><span class=\"fusion-inline-sep\">|<\/span><\/p><\/div><\/article><article class=\"post fusion-column column col col-lg-4 col-md-4 col-sm-4\"><div class=\"fusion-flexslider fusion-flexslider-loading flexslider flexslider-hover-type-none\"><ul class=\"slides\"><li><a href=\"https:\/\/www.mpal.mp.br\/?p=61184\" aria-label=\"Projeto &#8211; Cria\u00e7\u00e3o dos Conselhos Municipais de Seguran\u00e7a\" class=\"hover-type-none\"><img loading=\"lazy\" decoding=\"async\" width=\"700\" height=\"413\" src=\"https:\/\/www.mpal.mp.br\/wp-content\/uploads\/2025\/09\/015.jpg\" class=\"attachment-recent-posts size-recent-posts\" alt=\"\" \/><\/a><\/li><\/ul><\/div><div class=\"recent-posts-content\"><span class=\"vcard\" style=\"display: none;\"><span class=\"fn\"><a href=\"https:\/\/www.mpal.mp.br\/?author=2\" title=\"Posts de Administrador03\" rel=\"author\">Administrador03<\/a><\/span><\/span><span class=\"updated\" style=\"display:none;\">2025-09-19T08:37:50-03:00<\/span><h4 class=\"entry-title\"><a href=\"https:\/\/www.mpal.mp.br\/?p=61184\">Projeto &#8211; Cria\u00e7\u00e3o dos Conselhos Municipais de Seguran\u00e7a<\/a><\/h4><p class=\"meta\"><span class=\"vcard\" style=\"display: none;\"><span class=\"fn\"><a href=\"https:\/\/www.mpal.mp.br\/?author=2\" title=\"Posts de Administrador03\" rel=\"author\">Administrador03<\/a><\/span><\/span><span class=\"updated\" style=\"display:none;\">2025-09-19T08:37:50-03:00<\/span><span> 11 de julho de 2025<\/span><span class=\"fusion-inline-sep\">|<\/span><a href=\"https:\/\/www.mpal.mp.br\/?cat=28\" rel=\"category\">Projetos<\/a><span class=\"fusion-inline-sep\">|<\/span><\/p><\/div><\/article><article class=\"post fusion-column column col col-lg-4 col-md-4 col-sm-4\"><div class=\"fusion-flexslider fusion-flexslider-loading flexslider flexslider-hover-type-none\"><ul class=\"slides\"><li><a href=\"https:\/\/www.mpal.mp.br\/?p=60825\" aria-label=\"Projeto &#8211; Fam\u00edlia Acolhedora\" class=\"hover-type-none\"><img loading=\"lazy\" decoding=\"async\" width=\"700\" height=\"413\" src=\"https:\/\/www.mpal.mp.br\/wp-content\/uploads\/2025\/09\/006.jpg\" class=\"attachment-recent-posts size-recent-posts\" alt=\"\" \/><\/a><\/li><\/ul><\/div><div class=\"recent-posts-content\"><span class=\"vcard\" style=\"display: none;\"><span class=\"fn\"><a href=\"https:\/\/www.mpal.mp.br\/?author=2\" title=\"Posts de Administrador03\" rel=\"author\">Administrador03<\/a><\/span><\/span><span class=\"updated\" style=\"display:none;\">2025-09-10T09:17:18-03:00<\/span><h4 class=\"entry-title\"><a href=\"https:\/\/www.mpal.mp.br\/?p=60825\">Projeto &#8211; Fam\u00edlia Acolhedora<\/a><\/h4><p class=\"meta\"><span class=\"vcard\" style=\"display: none;\"><span class=\"fn\"><a href=\"https:\/\/www.mpal.mp.br\/?author=2\" title=\"Posts de Administrador03\" rel=\"author\">Administrador03<\/a><\/span><\/span><span class=\"updated\" style=\"display:none;\">2025-09-10T09:17:18-03:00<\/span><span> 4 de junho de 2025<\/span><span class=\"fusion-inline-sep\">|<\/span><a href=\"https:\/\/www.mpal.mp.br\/?cat=28\" rel=\"category\">Projetos<\/a><span class=\"fusion-inline-sep\">|<\/span><\/p><\/div><\/article><article class=\"post fusion-column column col col-lg-4 col-md-4 col-sm-4\"><div class=\"fusion-flexslider fusion-flexslider-loading flexslider flexslider-hover-type-none\"><ul class=\"slides\"><li><a href=\"https:\/\/www.mpal.mp.br\/?p=60832\" aria-label=\"Projeto &#8211; MP Empoderador Cra\u00edbas\" class=\"hover-type-none\"><img loading=\"lazy\" decoding=\"async\" width=\"700\" height=\"413\" src=\"https:\/\/www.mpal.mp.br\/wp-content\/uploads\/2025\/09\/007.jpg\" class=\"attachment-recent-posts size-recent-posts\" alt=\"\" \/><\/a><\/li><\/ul><\/div><div class=\"recent-posts-content\"><span class=\"vcard\" style=\"display: none;\"><span class=\"fn\"><a href=\"https:\/\/www.mpal.mp.br\/?author=2\" title=\"Posts de Administrador03\" rel=\"author\">Administrador03<\/a><\/span><\/span><span class=\"updated\" style=\"display:none;\">2025-09-10T09:29:09-03:00<\/span><h4 class=\"entry-title\"><a href=\"https:\/\/www.mpal.mp.br\/?p=60832\">Projeto &#8211; MP Empoderador Cra\u00edbas<\/a><\/h4><p class=\"meta\"><span class=\"vcard\" style=\"display: none;\"><span class=\"fn\"><a href=\"https:\/\/www.mpal.mp.br\/?author=2\" title=\"Posts de Administrador03\" rel=\"author\">Administrador03<\/a><\/span><\/span><span class=\"updated\" style=\"display:none;\">2025-09-10T09:29:09-03:00<\/span><span> 5 de maio de 2025<\/span><span class=\"fusion-inline-sep\">|<\/span><a href=\"https:\/\/www.mpal.mp.br\/?cat=28\" rel=\"category\">Projetos<\/a><span class=\"fusion-inline-sep\">|<\/span><\/p><\/div><\/article><article class=\"post fusion-column column col col-lg-4 col-md-4 col-sm-4\"><div class=\"fusion-flexslider fusion-flexslider-loading flexslider flexslider-hover-type-none\"><ul class=\"slides\"><li><a href=\"https:\/\/www.mpal.mp.br\/?p=60811\" aria-label=\"Projeto &#8211; Evento Seguro\" class=\"hover-type-none\"><img loading=\"lazy\" decoding=\"async\" width=\"700\" height=\"413\" src=\"https:\/\/www.mpal.mp.br\/wp-content\/uploads\/2025\/09\/004.jpg\" class=\"attachment-recent-posts size-recent-posts\" alt=\"\" \/><\/a><\/li><\/ul><\/div><div class=\"recent-posts-content\"><span class=\"vcard\" style=\"display: none;\"><span class=\"fn\"><a href=\"https:\/\/www.mpal.mp.br\/?author=2\" title=\"Posts de Administrador03\" rel=\"author\">Administrador03<\/a><\/span><\/span><span class=\"updated\" style=\"display:none;\">2025-09-10T09:04:12-03:00<\/span><h4 class=\"entry-title\"><a href=\"https:\/\/www.mpal.mp.br\/?p=60811\">Projeto &#8211; Evento Seguro<\/a><\/h4><p class=\"meta\"><span class=\"vcard\" style=\"display: none;\"><span class=\"fn\"><a href=\"https:\/\/www.mpal.mp.br\/?author=2\" title=\"Posts de Administrador03\" rel=\"author\">Administrador03<\/a><\/span><\/span><span class=\"updated\" style=\"display:none;\">2025-09-10T09:04:12-03:00<\/span><span> 10 de fevereiro de 2025<\/span><span class=\"fusion-inline-sep\">|<\/span><a href=\"https:\/\/www.mpal.mp.br\/?cat=28\" rel=\"category\">Projetos<\/a><span class=\"fusion-inline-sep\">|<\/span><\/p><\/div><\/article><\/section><div class=\"pagination clearfix\"><span class=\"current\">1<\/span><a href=\"https:\/\/www.mpal.mp.br\/index.php?rest_route=%2Fwp%2Fv2%2Fpages%2F4616&#038;paged=2\" class=\"inactive\">2<\/a><a class=\"pagination-next\" href=\"https:\/\/www.mpal.mp.br\/index.php?rest_route=%2Fwp%2Fv2%2Fpages%2F4616&#038;paged=2\"><span class=\"page-text\">Next<\/span><span class=\"page-next\"><\/span><\/a><\/div><div class=\"fusion-clearfix\"><\/div><\/div><div class=\"fusion-clearfix\"><\/div>\n\n\t\t\t\t\t<\/div>\n\t\t\t\t<\/div><\/div><\/div>\n","protected":false},"excerpt":{"rendered":"","protected":false},"author":2,"featured_media":0,"parent":0,"menu_order":0,"comment_status":"closed","ping_status":"closed","template":"","meta":{"om_disable_all_campaigns":false,"_monsterinsights_skip_tracking":false,"_monsterinsights_sitenote_active":false,"_monsterinsights_sitenote_note":"","_monsterinsights_sitenote_category":0,"_uf_show_specific_survey":0,"_uf_disable_surveys":false,"footnotes":""},"class_list":["post-4616","page","type-page","status-publish","hentry"],"aioseo_notices":[],"_links":{"self":[{"href":"https:\/\/www.mpal.mp.br\/index.php?rest_route=\/wp\/v2\/pages\/4616","targetHints":{"allow":["GET"]}}],"collection":[{"href":"https:\/\/www.mpal.mp.br\/index.php?rest_route=\/wp\/v2\/pages"}],"about":[{"href":"https:\/\/www.mpal.mp.br\/index.php?rest_route=\/wp\/v2\/types\/page"}],"author":[{"embeddable":true,"href":"https:\/\/www.mpal.mp.br\/index.php?rest_route=\/wp\/v2\/users\/2"}],"replies":[{"embeddable":true,"href":"https:\/\/www.mpal.mp.br\/index.php?rest_route=%2Fwp%2Fv2%2Fcomments&post=4616"}],"version-history":[{"count":7,"href":"https:\/\/www.mpal.mp.br\/index.php?rest_route=\/wp\/v2\/pages\/4616\/revisions"}],"predecessor-version":[{"id":25315,"href":"https:\/\/www.mpal.mp.br\/index.php?rest_route=\/wp\/v2\/pages\/4616\/revisions\/25315"}],"wp:attachment":[{"href":"https:\/\/www.mpal.mp.br\/index.php?rest_route=%2Fwp%2Fv2%2Fmedia&parent=4616"}],"curies":[{"name":"wp","href":"https:\/\/api.w.org\/{rel}","templated":true}]}}