{"id":2899,"date":"2022-03-30T09:12:21","date_gmt":"2022-03-30T12:12:21","guid":{"rendered":"https:\/\/www.mpal.mp.br\/?page_id=2899"},"modified":"2023-05-10T11:01:35","modified_gmt":"2023-05-10T14:01:35","slug":"concursos-publicos","status":"publish","type":"page","link":"https:\/\/www.mpal.mp.br\/?page_id=2899","title":{"rendered":"Concursos P\u00fablicos"},"content":{"rendered":"<div class=\"fusion-fullwidth fullwidth-box fusion-builder-row-1 nonhundred-percent-fullwidth non-hundred-percent-height-scrolling\"  style='background-color: #ffffff;background-position: center center;background-repeat: no-repeat;padding-top:0px;padding-right:0px;padding-bottom:0px;padding-left:0px;'><div class=\"fusion-builder-row fusion-row \"><div  class=\"fusion-layout-column fusion_builder_column fusion_builder_column_1_1 fusion-builder-column-1 fusion-one-full fusion-column-first fusion-column-last 1_1\"  style='margin-top:0px;margin-bottom:20px;'>\n\t\t\t\t\t<div class=\"fusion-column-wrapper\" style=\"padding: 0px 0px 0px 0px;background-position:left top;background-repeat:no-repeat;-webkit-background-size:cover;-moz-background-size:cover;-o-background-size:cover;background-size:cover;\"   data-bg-url=\"\">\n\t\t\t\t\t\t<div class=\"fusion-flip-boxes flip-boxes row fusion-columns-4 flip-effect-classic\"><div class=\"fusion-flip-box-wrapper fusion-column col-lg-3 col-md-3 col-sm-3\"><div class=\"fusion-flip-box flip-right\"><div class=\"flip-box-inner-wrapper\"><div class=\"flip-box-front\" style=\"background-color:#03a9f4;border-color:rgba(3,169,244,0);border-radius:20px;border-style:solid;border-width:5px;color:#ffffff;transition-duration:0.4s;\"><div class=\"flip-box-front-inner\"><div class=\"flip-box-grafix flip-box-no-circle\"><i class=\"fa-file-signature fas\" style=\"color:#003866;\"><\/i><\/div><h2 class=\"flip-box-heading without-text\" style=\"color:#000000;\">MEMBROS E SERVIDORES<\/h2><\/div><\/div><div class=\"flip-box-back\" style=\"background-color:#38b9f4;border-color:rgba(3,169,244,0);border-radius:20px;border-style:solid;border-width:5px;color:#003866;transition-duration:0.4s;\"><div class=\"flip-box-back-inner\"><h3 class=\"flip-box-heading-back\" style=\"color:#eeeded;\">MEMBROS E SERVIDORES<\/h3><div class=\"fusion-button-wrapper\"><style type=\"text\/css\">.fusion-button.button-1 {border-radius:5px;}<\/style><a class=\"fusion-button button-flat fusion-button-default-size button-default button-1 fusion-button-default-span fusion-button-default-type\" target=\"_self\" href=\"https:\/\/www.mpal.mp.br\/?page_id=1916\"><span class=\"fusion-button-text\">CLIQUE AQUI<\/span><\/a><\/div><\/div><\/div><\/div><\/div><\/div><div class=\"fusion-flip-box-wrapper fusion-column col-lg-3 col-md-3 col-sm-3\"><div class=\"fusion-flip-box flip-right\"><div class=\"flip-box-inner-wrapper\"><div class=\"flip-box-front\" style=\"background-color:#03a9f4;border-color:rgba(3,169,244,0);border-radius:20px;border-style:solid;border-width:5px;color:#ffffff;transition-duration:0.4s;\"><div class=\"flip-box-front-inner\"><div class=\"flip-box-grafix flip-box-no-circle\"><i class=\"fa-file-signature fas\" style=\"color:#003866;\"><\/i><\/div><h2 class=\"flip-box-heading without-text\" style=\"color:#000000;\">SELE\u00c7\u00d5ES  DE EST\u00c1GIO REGISTRADAS NO PORTAL DA TRANSPAR\u00caNCIA<\/h2><\/div><\/div><div class=\"flip-box-back\" style=\"background-color:#38b9f4;border-color:rgba(3,169,244,0);border-radius:20px;border-style:solid;border-width:5px;color:#003866;transition-duration:0.4s;\"><div class=\"flip-box-back-inner\"><h3 class=\"flip-box-heading-back\" style=\"color:#eeeded;\">SELE\u00c7\u00d5ES  DE EST\u00c1GIO REGISTRADAS NO PORTAL DA TRANSPAR\u00caNCIA<\/h3><div class=\"fusion-button-wrapper\"><style type=\"text\/css\">.fusion-button.button-2 {border-radius:5px;}<\/style><a class=\"fusion-button button-flat fusion-button-default-size button-default button-2 fusion-button-default-span fusion-button-default-type\" target=\"_blank\" rel=\"noopener noreferrer\" href=\"https:\/\/sistemas.mpal.mp.br\/transparencia\/principal\/publicacoes\/161\"><span class=\"fusion-button-text\">CLIQUE AQUI<\/span><\/a><\/div><\/div><\/div><\/div><\/div><\/div><div class=\"fusion-flip-box-wrapper fusion-column col-lg-3 col-md-3 col-sm-3\"><div class=\"fusion-flip-box flip-right\"><div class=\"flip-box-inner-wrapper\"><div class=\"flip-box-front\" style=\"background-color:#03a9f4;border-color:rgba(3,169,244,0);border-radius:20px;border-style:solid;border-width:5px;color:#ffffff;transition-duration:0.4s;\"><div class=\"flip-box-front-inner\"><div class=\"flip-box-grafix flip-box-no-circle\"><i class=\"fa-file-signature fas\" style=\"color:#003866;\"><\/i><\/div><h2 class=\"flip-box-heading without-text\" style=\"color:#000000;\">ESTAGI\u00c1RIO - CONVOCA\u00c7\u00d5ES<\/h2><\/div><\/div><div class=\"flip-box-back\" style=\"background-color:#38b9f4;border-color:rgba(3,169,244,0);border-radius:20px;border-style:solid;border-width:5px;color:#003866;transition-duration:0.4s;\"><div class=\"flip-box-back-inner\"><h3 class=\"flip-box-heading-back\" style=\"color:#eeeded;\">ESTAGI\u00c1RIO - CONVOCA\u00c7\u00d5ES<\/h3><div class=\"fusion-button-wrapper\"><style type=\"text\/css\">.fusion-button.button-3 {border-radius:5px;}<\/style><a class=\"fusion-button button-flat fusion-button-default-size button-default button-3 fusion-button-default-span fusion-button-default-type\" target=\"_blank\" rel=\"noopener noreferrer\" href=\"https:\/\/sistemas.mpal.mp.br\/transparencia\/principal\/publicacoes\/143\"><span class=\"fusion-button-text\">CLIQUE AQUI<\/span><\/a><\/div><\/div><\/div><\/div><\/div><\/div><div class=\"fusion-flip-box-wrapper fusion-column col-lg-3 col-md-3 col-sm-3\"><div class=\"fusion-flip-box flip-right\"><div class=\"flip-box-inner-wrapper\"><div class=\"flip-box-front\" style=\"background-color:#03a9f4;border-color:rgba(3,169,244,0);border-radius:20px;border-style:solid;border-width:5px;color:#ffffff;transition-duration:0.4s;\"><div class=\"flip-box-front-inner\"><div class=\"flip-box-grafix flip-box-no-circle\"><i class=\"fa-file-signature fas\" style=\"color:#003866;\"><\/i><\/div><h2 class=\"flip-box-heading without-text\" style=\"color:#000000;\">NOT\u00cdCIAS SOBRE SELE\u00c7\u00d5ES PARA EST\u00c1GIO<\/h2><\/div><\/div><div class=\"flip-box-back\" style=\"background-color:#38b9f4;border-color:rgba(3,169,244,0);border-radius:20px;border-style:solid;border-width:5px;color:#003866;transition-duration:0.4s;\"><div class=\"flip-box-back-inner\"><h3 class=\"flip-box-heading-back\" style=\"color:#eeeded;\">NOT\u00cdCIAS SOBRE SELE\u00c7\u00d5ES PARA EST\u00c1GIO<\/h3><div class=\"fusion-button-wrapper\"><style type=\"text\/css\">.fusion-button.button-4 {border-radius:5px;}<\/style><a class=\"fusion-button button-flat fusion-button-default-size button-default button-4 fusion-button-default-span fusion-button-default-type\" target=\"_blank\" rel=\"noopener noreferrer\" href=\"https:\/\/www.mpal.mp.br\/?page_id=1910\"><span class=\"fusion-button-text\">CLIQUE AQUI<\/span><\/a><\/div><\/div><\/div><\/div><\/div><\/div><\/div><div class=\"fusion-clearfix\"><\/div><div class=\"fusion-clearfix\"><\/div>\n\n\t\t\t\t\t<\/div>\n\t\t\t\t<\/div><\/div><\/div>\n","protected":false},"excerpt":{"rendered":"","protected":false},"author":2,"featured_media":0,"parent":0,"menu_order":0,"comment_status":"closed","ping_status":"closed","template":"","meta":{"om_disable_all_campaigns":false,"_monsterinsights_skip_tracking":false,"_monsterinsights_sitenote_active":false,"_monsterinsights_sitenote_note":"","_monsterinsights_sitenote_category":0,"_uf_show_specific_survey":0,"_uf_disable_surveys":false,"footnotes":""},"class_list":["post-2899","page","type-page","status-publish","hentry"],"aioseo_notices":[],"_links":{"self":[{"href":"https:\/\/www.mpal.mp.br\/index.php?rest_route=\/wp\/v2\/pages\/2899","targetHints":{"allow":["GET"]}}],"collection":[{"href":"https:\/\/www.mpal.mp.br\/index.php?rest_route=\/wp\/v2\/pages"}],"about":[{"href":"https:\/\/www.mpal.mp.br\/index.php?rest_route=\/wp\/v2\/types\/page"}],"author":[{"embeddable":true,"href":"https:\/\/www.mpal.mp.br\/index.php?rest_route=\/wp\/v2\/users\/2"}],"replies":[{"embeddable":true,"href":"https:\/\/www.mpal.mp.br\/index.php?rest_route=%2Fwp%2Fv2%2Fcomments&post=2899"}],"version-history":[{"count":5,"href":"https:\/\/www.mpal.mp.br\/index.php?rest_route=\/wp\/v2\/pages\/2899\/revisions"}],"predecessor-version":[{"id":26324,"href":"https:\/\/www.mpal.mp.br\/index.php?rest_route=\/wp\/v2\/pages\/2899\/revisions\/26324"}],"wp:attachment":[{"href":"https:\/\/www.mpal.mp.br\/index.php?rest_route=%2Fwp%2Fv2%2Fmedia&parent=2899"}],"curies":[{"name":"wp","href":"https:\/\/api.w.org\/{rel}","templated":true}]}}