{"id":2350,"date":"2022-03-23T09:13:25","date_gmt":"2022-03-23T12:13:25","guid":{"rendered":"https:\/\/www.mpal.mp.br\/?page_id=2350"},"modified":"2026-02-10T10:35:05","modified_gmt":"2026-02-10T13:35:05","slug":"caop","status":"publish","type":"page","link":"https:\/\/www.mpal.mp.br\/?page_id=2350","title":{"rendered":"CAOP"},"content":{"rendered":"<p><div class=\"fusion-fullwidth fullwidth-box fusion-builder-row-1 nonhundred-percent-fullwidth non-hundred-percent-height-scrolling\"  style='background-color: var(--awb-color5);background-image:linear-gradient(180deg, rgba(255,255,255,0) 0%,#f6f6f6 100%);background-position: center top;background-repeat: no-repeat;padding-top:0px;padding-right:0px;padding-bottom:0px;padding-left:0px;'><div class=\"fusion-builder-row fusion-row \"><div  class=\"fusion-layout-column fusion_builder_column fusion_builder_column_3_5 fusion-builder-column-1 fusion-three-fifth fusion-column-first 3_5\"  style='margin-top:0px;margin-bottom:20px;width:60%;width:calc(60% - ( ( 4% ) * 0.6 ) );margin-right: 4%;'>\n\t\t\t\t\t<div class=\"fusion-column-wrapper\" style=\"padding: 10% 0px 0px 0px;background-position:left top;background-repeat:no-repeat;-webkit-background-size:cover;-moz-background-size:cover;-o-background-size:cover;background-size:cover;\"   data-bg-url=\"\">\n\t\t\t\t\t\t<div class=\"fusion-widget-area fusion-widget-area-1 fusion-content-widget-area\"><style type=\"text\/css\">.fusion-widget-area-1 {padding:0px 0px 0px 0px;}.fusion-widget-area-1 .widget h4 {color:#000000;}.fusion-widget-area-1 .widget .heading h4 {color:#000000;}.fusion-widget-area-1 .widget h4 {font-size:20px;}.fusion-widget-area-1 .widget .heading h4 {font-size:20px;}<\/style><section id=\"block-26\" class=\"fusion-slidingbar-widget-column widget widget_block\"><div class=\"aioseo-breadcrumbs\"><span class=\"aioseo-breadcrumb\">\n\tHome\n<\/span><\/div><div style=\"clear:both;\"><\/div><\/section><div class=\"fusion-additional-widget-content\"><\/div><\/div><style type=\"text\/css\"><\/style><div class=\"fusion-title title fusion-title-1 fusion-title-text fusion-title-size-two\" style=\"margin-top:-30px;margin-bottom:31px;\"><h2 class=\"title-heading-left\" style=\"margin:0;color:#ffffff;\"><strong><span style=\"font-size: 24pt; color: #003866;\">CAOP<\/span><\/strong><\/h2><div class=\"title-sep-container\"><div class=\"title-sep sep-double sep-solid\" style=\"border-color:#003866;\"><\/div><\/div><\/div><div class=\"fusion-text\"><p style=\"text-align: justify;\"><span style=\"font-size: 14pt; color: #000000;\">Criado pelo Col\u00e9gio de Procuradores de Justi\u00e7a com fundamento no Artigo 23 da Lei Complementar Estadual n\u00ba 15, de 22 de novembro de 2016 e reorganizado a sua estrutura atrav\u00e9s da Resolu\u00e7\u00e3o 005\/18 \u2013 CPJ, o Centro de Apoio Operacional do Minist\u00e9rio P\u00fablico de Alagoas \u2013 CAOP exerce suas atribui\u00e7\u00f5es na qualidade de \u00f3rg\u00e3o auxiliar das atividades funcionais do Minist\u00e9rio P\u00fablico.<\/span><\/p>\n<\/div><div class=\"fusion-text\"><p style=\"text-align: justify;\"><span style=\"font-size: 14pt;\">Sob a Supervis\u00e3o do Procurador-Geral de Justi\u00e7a, o Centro \u00e9 dirigido por membro do Minist\u00e9rio P\u00fablico, recebendo a denomina\u00e7\u00e3o de Diretor, cabendo ao Procurador-Geral de Justi\u00e7a sua designa\u00e7\u00e3o, conforme estabelecido na Resolu\u00e7\u00e3o.<\/span><\/p>\n<\/div><style type=\"text\/css\"><\/style><div class=\"fusion-title title fusion-title-2 fusion-title-text fusion-title-size-three\" style=\"margin-top:40px;margin-bottom:31px;\"><h3 class=\"title-heading-left\" style=\"margin:0;color:#ffffff;\"><strong><span style=\"font-size: 14pt; color: #003866;\">Expediente<\/span><\/strong><\/h3><div class=\"title-sep-container\"><div class=\"title-sep sep-double sep-solid\" style=\"border-color:#003866;\"><\/div><\/div><\/div><div class=\"fusion-text\"><p><span style=\"font-size: 14pt;\"><i class=\"fontawesome-icon fa-user-tie fas circle-no\" style=\"font-size:18px;margin-right:9px;color:#003866;\"><\/i>Dr. Jos\u00e9 Ant\u00f4nio Malta Marques \u2013 Diretor<\/span><\/p>\n<\/div><div class=\"fusion-text\"><p><span style=\"font-size: 14pt;\"><i class=\"fontawesome-icon fa-phone-alt fas circle-no\" style=\"font-size:18px;margin-right:9px;color:#003866;\"><\/i>(82) 2122-3700<\/span><\/p>\n<\/div><div class=\"fusion-text\"><p><span style=\"font-size: 14pt;\"><i class=\"fontawesome-icon fa-phone-alt fas circle-no\" style=\"font-size:18px;margin-right:9px;color:#003866;\"><\/i>(82) 2122-3713<\/span><\/p>\n<\/div><div class=\"fusion-text\"><p><span style=\"font-size: 14pt;\"><i class=\"fontawesome-icon fa-envelope fas circle-no\" style=\"font-size:18px;margin-right:9px;color:#003866;\"><\/i>caop@mpal.mp.br<\/span><\/p>\n<\/div><div class=\"fusion-text\"><p><span style=\"font-size: 14pt;\"><i class=\"fontawesome-icon fa-clock far circle-no\" style=\"font-size:18px;margin-right:9px;color:#003866;\"><\/i>7h30 \u00e0s 13h30<\/span><\/p>\n<\/div><style type=\"text\/css\">.fusion-accordian  #accordion-2350-1 .panel-title a .fa-fusion-box{ color: #ffffff;}.fusion-accordian  #accordion-2350-1 .panel-title a .fa-fusion-box:before{ font-size: 13px; width: 13px;}.fusion-accordian  #accordion-2350-1 .panel-title a{font-size:20px;}.fusion-accordian  #accordion-2350-1 .fa-fusion-box { background-color: #000000;border-color: #000000;}.fusion-accordian  #accordion-2350-1 .panel-title a:hover, #accordion-2350-1 .fusion-toggle-boxed-mode:hover .panel-title a { color: #003866;}.fusion-accordian  #accordion-2350-1 .panel-title .active .fa-fusion-box,.fusion-accordian  #accordion-2350-1 .panel-title a:hover .fa-fusion-box { background-color: #003866!important;border-color: #003866!important;}<\/style><div class=\"accordian fusion-accordian\"><div class=\"panel-group\" id=\"accordion-2350-1\" role=\"tablist\"><div class=\"fusion-panel panel-default\" role=\"tabpanel\"><div class=\"panel-heading\"><h4 class=\"panel-title toggle\"><a aria-expanded=\"false\" aria-selected=\"false\" aria-controls=\"5654473a2768c962c\" role=\"tab\" data-toggle=\"collapse\" data-parent=\"#accordion-2350-1\" data-target=\"#5654473a2768c962c\" href=\"#5654473a2768c962c\"><span class=\"fusion-toggle-icon-wrapper\" aria-hidden=\"true\"><i class=\"fa-fusion-box\"><\/i><\/span><span class=\"fusion-toggle-heading\">COLABORADORES<\/span><\/a><\/h4><\/div><div id=\"5654473a2768c962c\" class=\"panel-collapse collapse \"><div class=\"panel-body toggle-content fusion-clearfix\">\n<p><strong>Assessores do CAOP<\/strong><\/p>\n<ul>\n<li>Fl\u00e1vio Brito, Nilton J\u00fanior e Emanuele Montoni<\/li>\n<\/ul>\n<p><strong>Analista do CAOP<\/strong><\/p>\n<ul>\n<li>Carllos Henrique Lima<\/li>\n<\/ul>\n<p><strong>Assessoria Militar<\/strong><\/p>\n<ul>\n<li>Douglas<\/li>\n<li>Roberto<\/li>\n<\/ul>\n<p><strong>Recepcionista terceirizada<\/strong><\/p>\n<ul>\n<li>Missiline Maria da Silva Oliveira<\/li>\n<\/ul>\n<p><strong>Copa\/ Servi\u00e7os Gerais terceirizados<\/strong><\/p>\n<ul>\n<li>Ariane da Silva Lima<\/li>\n<li>Matheus Henrique Ara\u00fajo Cavalcanti<\/li>\n<\/ul>\n<\/div><\/div><\/div><\/div><\/div><div class=\"fusion-sep-clear\"><\/div><div class=\"fusion-separator fusion-full-width-sep sep-double\" style=\"border-color:rgba(255,252,252,0);border-top-width:1px;border-bottom-width:1px;margin-left: auto;margin-right: auto;margin-top:20px;\"><\/div><div class=\"fusion-sep-clear\"><\/div><div class=\"fusion-separator fusion-full-width-sep sep-double\" style=\"border-color:rgba(255,252,252,0);border-top-width:1px;border-bottom-width:1px;margin-left: auto;margin-right: auto;margin-top:20px;\"><\/div><div class=\"imageframe-align-center\"><span style=\"-webkit-border-radius:5px;-moz-border-radius:5px;border-radius:5px;width:100%;max-width:300px;\" class=\"fusion-imageframe imageframe-none imageframe-1 hover-type-none\"><a class=\"fusion-no-lightbox\" href=\"https:\/\/www.mpal.mp.br\/wp-content\/uploads\/2023\/12\/BOLETIM-01.pdf\" target=\"_blank\" aria-label=\"014\" rel=\"noopener noreferrer\"><img loading=\"lazy\" decoding=\"async\" src=\"https:\/\/www.mpal.mp.br\/wp-content\/uploads\/2023\/12\/014.jpg\" width=\"551\" height=\"773\" alt=\"CLIQUE AQUI PARA BAIXAR\" class=\"img-responsive wp-image-34268\"\/><\/a><\/span><\/div><div class=\"fusion-text\"><p style=\"text-align: center;\"><a href=\"https:\/\/www.mpal.mp.br\/wp-content\/uploads\/2023\/12\/BOLETIM-01.pdf\" target=\"_blank\" rel=\"noopener\"><span style=\"font-size: 18.6667px;\"><strong><span style=\"font-size: 12pt;\">CLIQUE AQUI &#8211; VISUALIZAR<\/span><\/strong><\/span><\/a><\/p>\n<\/div><div class=\"fusion-text\"><p><span style=\"font-size: 14pt;\"><i class=\"fontawesome-icon fa-file-pdf fas circle-no\" style=\"font-size:24px;margin-right:12px;color:#003866;\"><\/i><span style=\"font-size: 18pt;\"><a href=\"https:\/\/www.mpal.mp.br\/wp-content\/uploads\/2023\/05\/Correic\u0327a\u0303o-Apresentac\u0327a\u0303o-CAOP-4.pdf\" target=\"_blank\" rel=\"noopener\">Correi\u00e7\u00e3o Apresenta\u00e7\u00e3o &#8211; Baixar arquivo<\/a><\/span><\/span><\/p>\n<\/div><div class=\"fusion-clearfix\"><\/div>\n\n\t\t\t\t\t<\/div>\n\t\t\t\t<\/div><div  class=\"fusion-layout-column fusion_builder_column fusion_builder_column_2_5 fusion-builder-column-2 fusion-two-fifth fusion-column-last 2_5\"  style='margin-top:0px;margin-bottom:20px;width:40%;width:calc(40% - ( ( 4% ) * 0.4 ) );'>\n\t\t\t\t\t<div class=\"fusion-column-wrapper\" style=\"overflow:hidden;border-radius:12px 12px 12px 12px;padding: 0px 18px 18px 18px;background-position:left top;background-repeat:no-repeat;-webkit-background-size:cover;-moz-background-size:cover;-o-background-size:cover;background-size:cover;border-radius:12px 12px 12px 12px;\"   data-bg-url=\"\">\n\t\t\t\t\t\t<style type=\"text\/css\"><\/style><div class=\"fusion-title title fusion-title-3 fusion-title-text fusion-title-size-three\" style=\"margin-top:40px;margin-bottom:31px;\"><h3 class=\"title-heading-left\" style=\"margin:0;color:#ffffff;\"><strong><span style=\"font-size: 14pt; color: #003866;\">Conhe\u00e7a os n\u00facleos<\/span><\/strong><\/h3><div class=\"title-sep-container\"><div class=\"title-sep sep-double sep-solid\" style=\"border-color:#003866;\"><\/div><\/div><\/div><div class=\"fusion-widget-area fusion-widget-area-2 fusion-content-widget-area\"><style type=\"text\/css\">.fusion-widget-area-2 {padding:0px 0px 0px 0px;}.fusion-widget-area-2 .widget h4 {color:#000000;}.fusion-widget-area-2 .widget .heading h4 {color:#000000;}.fusion-widget-area-2 .widget h4 {font-size:20px;}.fusion-widget-area-2 .widget .heading h4 {font-size:20px;}<\/style><section id=\"nav_menu-3\" class=\"fusion-slidingbar-widget-column widget widget_nav_menu\"><div class=\"menu-nucleos-caop-container\"><ul id=\"menu-nucleos-caop\" class=\"menu\"><li id=\"menu-item-65829\" class=\"menu-item menu-item-type-custom menu-item-object-custom menu-item-65829\"><a href=\"https:\/\/www.mpal.mp.br\/?page_id=19072\">N\u00facleo de Defesa do Consumidor<\/a><\/li>\n<li id=\"menu-item-65830\" class=\"menu-item menu-item-type-custom menu-item-object-custom menu-item-65830\"><a href=\"https:\/\/www.mpal.mp.br\/?page_id=19126\">N\u00facleo de Defesa da Sa\u00fade P\u00fablica<\/a><\/li>\n<li id=\"menu-item-65831\" class=\"menu-item menu-item-type-custom menu-item-object-custom menu-item-65831\"><a href=\"https:\/\/www.mpal.mp.br\/?page_id=43064\">N\u00facleo do Urbanismo<\/a><\/li>\n<li id=\"menu-item-65832\" class=\"menu-item menu-item-type-custom menu-item-object-custom menu-item-65832\"><a href=\"https:\/\/www.mpal.mp.br\/?page_id=19145\">N\u00facleo do Meio Ambiente<\/a><\/li>\n<li id=\"menu-item-65833\" class=\"menu-item menu-item-type-custom menu-item-object-custom menu-item-65833\"><a href=\"https:\/\/www.mpal.mp.br\/?page_id=19135\">N\u00facleo de Defesa do Patrim\u00f4nio P\u00fablico<\/a><\/li>\n<li id=\"menu-item-65834\" class=\"menu-item menu-item-type-custom menu-item-object-custom menu-item-65834\"><a href=\"https:\/\/www.mpal.mp.br\/?page_id=19140\">N\u00facleo de Apoio \u00e0s V\u00edtimas e aos Desaparecidos<\/a><\/li>\n<li id=\"menu-item-65835\" class=\"menu-item menu-item-type-custom menu-item-object-custom menu-item-65835\"><a href=\"https:\/\/www.mpal.mp.br\/?page_id=19151\">N\u00facleo de Defesa da Mulher<\/a><\/li>\n<li id=\"menu-item-65836\" class=\"menu-item menu-item-type-custom menu-item-object-custom menu-item-65836\"><a href=\"https:\/\/www.mpal.mp.br\/?page_id=19161\">N\u00facleo de Combate \u00e0 Criminalidade<\/a><\/li>\n<li id=\"menu-item-65837\" class=\"menu-item menu-item-type-custom menu-item-object-custom menu-item-65837\"><a href=\"https:\/\/www.mpal.mp.br\/?page_id=19001\">N\u00facleo de Defesa da Inf\u00e2ncia e Juventude<\/a><\/li>\n<li id=\"menu-item-65838\" class=\"menu-item menu-item-type-custom menu-item-object-custom menu-item-65838\"><a href=\"https:\/\/www.mpal.mp.br\/?page_id=43052\">N\u00facleo de Controle Externo da Atividade Policial<\/a><\/li>\n<li id=\"menu-item-65860\" class=\"menu-item menu-item-type-custom menu-item-object-custom menu-item-65860\"><a href=\"https:\/\/www.mpal.mp.br\/?page_id=65854\">N\u00facleo de Defesa dos Direitos Humanos e Direito Internacional<\/a><\/li>\n<li id=\"menu-item-65881\" class=\"menu-item menu-item-type-custom menu-item-object-custom menu-item-65881\"><a href=\"https:\/\/www.mpal.mp.br\/?page_id=65868\">N\u00facleo da Pessoa Idosa e da Pessoa com Defici\u00eancia<\/a><\/li>\n<li id=\"menu-item-65889\" class=\"menu-item menu-item-type-custom menu-item-object-custom menu-item-65889\"><a href=\"https:\/\/www.mpal.mp.br\/?page_id=65884\">N\u00facleo de Apoio T\u00e9cnico<\/a><\/li>\n<li id=\"menu-item-65897\" class=\"menu-item menu-item-type-custom menu-item-object-custom menu-item-65897\"><a href=\"https:\/\/www.mpal.mp.br\/?page_id=65890\">N\u00facleo da Educa\u00e7\u00e3o<\/a><\/li>\n<li id=\"menu-item-66467\" class=\"menu-item menu-item-type-post_type menu-item-object-page menu-item-66467\"><a href=\"https:\/\/www.mpal.mp.br\/?page_id=66462\">N\u00facleo de Direito de Fam\u00edlia<\/a><\/li>\n<li id=\"menu-item-66472\" class=\"menu-item menu-item-type-post_type menu-item-object-page menu-item-66472\"><a href=\"https:\/\/www.mpal.mp.br\/?page_id=66468\">N\u00facleo do Tribunal do J\u00fari<\/a><\/li>\n<\/ul><\/div><div style=\"clear:both;\"><\/div><\/section><div class=\"fusion-additional-widget-content\"><\/div><\/div><div class=\"fusion-clearfix\"><\/div>\n\n\t\t\t\t\t<\/div>\n\t\t\t\t<\/div><\/div><\/div><div class=\"fusion-fullwidth fullwidth-box fusion-builder-row-2 hundred-percent-fullwidth non-hundred-percent-height-scrolling\"  style='background-color: #7ccef4;background-image:linear-gradient(0deg, var(--awb-color5) 0%,hsla(var(--awb-color5-h),var(--awb-color5-s),var(--awb-color5-l),calc(var(--awb-color5-a) - 20%)) 78%);background-position: center center;background-repeat: no-repeat;padding-top:0px;padding-right:10%;padding-bottom:0px;padding-left:10%;'><div class=\"fusion-builder-row fusion-row \"><div  class=\"fusion-layout-column fusion_builder_column fusion_builder_column_1_1 fusion-builder-column-3 fusion-one-full fusion-column-first fusion-column-last 1_1\"  style='margin-top:0px;margin-bottom:20px;'>\n\t\t\t\t\t<div class=\"fusion-column-wrapper\" style=\"padding: 0px 0px 0px 0px;background-position:left top;background-repeat:no-repeat;-webkit-background-size:cover;-moz-background-size:cover;-o-background-size:cover;background-size:cover;\"   data-bg-url=\"\">\n\t\t\t\t\t\t<div class=\"fusion-section-separator section-separator hills-opacity\" style=\"font-size:0;line-height:0;margin-left:calc( (100% + 12.5% + 12.5%) * 10 \/ -100 );margin-right:calc( (100% + 12.5% + 12.5%) * 10 \/ -100 );\"><svg class=\"fusion-hills-opacity-candy\" fill=\"#f6f6f6\" xmlns=\"http:\/\/www.w3.org\/2000\/svg\" version=\"1.1\" width=\"100%\" viewBox=\"0 0 1024 182\" preserveAspectRatio=\"none\" class=\"section-separator-shortcode-divider-svg\"><path class=\"st0\" d=\"M0 0h1024v140.5C995.9 162 963.9 178 926.9 178c-112.8 0-198.1-93.8-289.8-93.8s-199.5 91-285.3 91-142.2-82.1-238.5-82.1c-63.1 0-75.7 31.6-113.3 53.6V0z\"\/>\n\t\t\t\t\t\t\t\t\t<path class=\"st1\" d=\"M1024 0v75.9C984.3 60 942.2 48.6 905.3 50.1c-110.4 4.5-191.8 109.8-325.5 116.2C470.6 171.5 235.6 46.1 150.3 0H1024z\"\/>\n\t\t\t\t\t\t\t\t\t<path class=\"st2\" d=\"M0 0h1024v92c-57.5 30.9-116.9 73.7-199.9 75-133.8 2-158.9-87.9-342-87.9S202.1 183.7 74.2 182c-27.8-.3-52.4-4.2-74.2-9.7V0z\"\/>\n\t\t\t\t\t\t\t\t\t<path class=\"st3\" d=\"M0 0h1024v101.6C986.8 82 943.3 66.3 884.4 65.4 733.3 63 742.8 94 585.9 94.6S447 47.6 280.4 50.9C132.8 53.6 91.2 137.5 0 154V0z\"\/>\n\t\t\t\t\t\t\t\t\t<path class=\"st4\" d=\"M0 0h1024v77.3c-49-20.1-120.5-42.4-193.2-42.1-128.9.5-159.8 72.3-255.8 72.3-89.1 0-134.7-80.2-245-82-110.4-1.8-160.9 57.2-280 59.2-17.2.3-33.9-1.8-50-5.7V0z\"\/>\n\t\t\t\t\t\t\t\t<\/svg><\/div><div class=\"fusion-clearfix\"><\/div>\n\n\t\t\t\t\t<\/div>\n\t\t\t\t<\/div><\/div><\/div><\/p>\n","protected":false},"excerpt":{"rendered":"","protected":false},"author":2,"featured_media":0,"parent":0,"menu_order":0,"comment_status":"closed","ping_status":"closed","template":"100-width.php","meta":{"om_disable_all_campaigns":false,"_monsterinsights_skip_tracking":false,"_monsterinsights_sitenote_active":false,"_monsterinsights_sitenote_note":"","_monsterinsights_sitenote_category":0,"_uf_show_specific_survey":0,"_uf_disable_surveys":false,"footnotes":""},"class_list":["post-2350","page","type-page","status-publish","hentry"],"aioseo_notices":[],"_links":{"self":[{"href":"https:\/\/www.mpal.mp.br\/index.php?rest_route=\/wp\/v2\/pages\/2350","targetHints":{"allow":["GET"]}}],"collection":[{"href":"https:\/\/www.mpal.mp.br\/index.php?rest_route=\/wp\/v2\/pages"}],"about":[{"href":"https:\/\/www.mpal.mp.br\/index.php?rest_route=\/wp\/v2\/types\/page"}],"author":[{"embeddable":true,"href":"https:\/\/www.mpal.mp.br\/index.php?rest_route=\/wp\/v2\/users\/2"}],"replies":[{"embeddable":true,"href":"https:\/\/www.mpal.mp.br\/index.php?rest_route=%2Fwp%2Fv2%2Fcomments&post=2350"}],"version-history":[{"count":98,"href":"https:\/\/www.mpal.mp.br\/index.php?rest_route=\/wp\/v2\/pages\/2350\/revisions"}],"predecessor-version":[{"id":66480,"href":"https:\/\/www.mpal.mp.br\/index.php?rest_route=\/wp\/v2\/pages\/2350\/revisions\/66480"}],"wp:attachment":[{"href":"https:\/\/www.mpal.mp.br\/index.php?rest_route=%2Fwp%2Fv2%2Fmedia&parent=2350"}],"curies":[{"name":"wp","href":"https:\/\/api.w.org\/{rel}","templated":true}]}}