{"id":18425,"date":"2022-09-26T08:39:56","date_gmt":"2022-09-26T11:39:56","guid":{"rendered":"https:\/\/www.mpal.mp.br\/?page_id=18425"},"modified":"2023-12-19T11:39:14","modified_gmt":"2023-12-19T14:39:14","slug":"premio-mp-de-jornalismo","status":"publish","type":"page","link":"https:\/\/www.mpal.mp.br\/?page_id=18425","title":{"rendered":"Pr\u00eamio MPAL de Jornalismo"},"content":{"rendered":"<p><div class=\"fusion-fullwidth fullwidth-box fusion-builder-row-1 fusion-parallax-none nonhundred-percent-fullwidth non-hundred-percent-height-scrolling\"  style='background-color: rgba(139,195,74,0);background-image: url(\"https:\/\/www.mpal.mp.br\/wp-content\/uploads\/2022\/08\/ban_predio_mp_azul_.jpg\");background-position: center center;background-repeat: no-repeat;background-blend-mode: luminosity;padding-top:0px;padding-right:0px;padding-bottom:0px;padding-left:0px;margin-top: -20px;-webkit-background-size:cover;-moz-background-size:cover;-o-background-size:cover;background-size:cover;'><div class=\"fusion-builder-row fusion-row \"><div  class=\"fusion-layout-column fusion_builder_column fusion_builder_column_1_1 fusion-builder-column-1 fusion-one-full fusion-column-first fusion-column-last 1_1\"  style='margin-top:0px;margin-bottom:20px;'>\n\t\t\t\t\t<div class=\"fusion-column-wrapper\" style=\"padding: 0px 0px 0px 0px;background-position:left top;background-repeat:no-repeat;-webkit-background-size:cover;-moz-background-size:cover;-o-background-size:cover;background-size:cover;\"   data-bg-url=\"\">\n\t\t\t\t\t\t<div class=\"imageframe-align-center\"><span style=\"-webkit-border-radius:5px;-moz-border-radius:5px;border-radius:5px;\" class=\"fusion-imageframe imageframe-none imageframe-1 hover-type-none\"><img loading=\"lazy\" decoding=\"async\" src=\"https:\/\/www.mpal.mp.br\/wp-content\/uploads\/2023\/12\/jornalismo_2024.png\" width=\"940\" height=\"599\" alt=\"\" title=\"jornalismo_2024\" class=\"img-responsive wp-image-35130\"\/><\/span><\/div><div class=\"fusion-clearfix\"><\/div>\n\n\t\t\t\t\t<\/div>\n\t\t\t\t<\/div><div  class=\"fusion-layout-column fusion_builder_column fusion_builder_column_1_1 fusion-builder-column-2 fusion-one-full fusion-column-first fusion-column-last 1_1\"  style='margin-top:0px;margin-bottom:-10px;'>\n\t\t\t\t\t<div class=\"fusion-column-wrapper\" style=\"padding: 0px 0px 0px 0px;background-position:left top;background-repeat:no-repeat;-webkit-background-size:cover;-moz-background-size:cover;-o-background-size:cover;background-size:cover;\"   data-bg-url=\"\">\n\t\t\t\t\t\t<div class=\"fusion-section-separator section-separator hills-opacity\" style=\"font-size:0;line-height:0;margin-left:-0px;margin-right:-0px;\"><svg class=\"fusion-hills-opacity-candy\" fill=\"#ffffff\" xmlns=\"http:\/\/www.w3.org\/2000\/svg\" version=\"1.1\" width=\"100%\" viewBox=\"0 -0.5 1024 182\" preserveAspectRatio=\"none\" class=\"section-separator-shortcode-divider-svg\"><path class=\"st0\" d=\"M0 182.086h1024V41.593c-28.058-21.504-60.109-37.581-97.075-37.581-112.845 0-198.144 93.798-289.792 93.798S437.658 6.777 351.846 6.777s-142.234 82.125-238.49 82.125c-63.078 0-75.776-31.744-113.357-53.658L0 182.086z\"\/>\n\t\t\t\t\t\t\t\t\t<path class=\"st1\" d=\"M1024 181.062v-75.878c-39.731 15.872-80.794 27.341-117.658 25.805-110.387-4.506-191.795-109.773-325.53-116.224-109.158-5.12-344.166 120.115-429.466 166.298H1024v-.001z\"\/>\n\t\t\t\t\t\t\t\t\t<path class=\"st2\" d=\"M0 182.086h1024V90.028C966.451 59.103 907.059 16.3 824.115 15.071 690.278 13.023 665.19 102.93 482.099 102.93S202.138-1.62 74.24.019C46.49.326 21.811 4.217 0 9.849v172.237z\"\/>\n\t\t\t\t\t\t\t\t\t<path class=\"st3\" d=\"M0 182.086h1024V80.505c-37.171 19.558-80.691 35.328-139.571 36.25-151.142 2.355-141.619-28.57-298.496-29.184s-138.854 47.002-305.459 43.725C132.813 128.428 91.238 44.563 0 28.179v153.907z\"\/>\n\t\t\t\t\t\t\t\t\t<path class=\"st4\" d=\"M0 182.086h1024v-77.312c-49.05 20.07-120.525 42.394-193.229 42.086-128.922-.512-159.846-72.294-255.795-72.294-89.088 0-134.656 80.179-245.043 82.022S169.063 99.346 49.971 97.401C32.768 97.094 16.077 99.244 0 103.135v78.951z\"\/>\n\t\t\t\t\t\t\t\t<\/svg><\/div><div class=\"fusion-clearfix\"><\/div>\n\n\t\t\t\t\t<\/div>\n\t\t\t\t<\/div><\/div><\/div><div class=\"fusion-fullwidth fullwidth-box fusion-builder-row-2 nonhundred-percent-fullwidth non-hundred-percent-height-scrolling\"  style='background-color: #ffffff;background-position: center center;background-repeat: no-repeat;padding-top:0px;padding-right:0px;padding-bottom:0px;padding-left:0px;'><div class=\"fusion-builder-row fusion-row \"><div  class=\"fusion-layout-column fusion_builder_column fusion_builder_column_3_5 fusion-builder-column-3 fusion-three-fifth fusion-column-first 3_5\"  style='margin-top:0px;margin-bottom:20px;width:60%;width:calc(60% - ( ( 4% ) * 0.6 ) );margin-right: 4%;'>\n\t\t\t\t\t<div class=\"fusion-column-wrapper\" style=\"padding: 0px 0px 0px 0px;background-position:left top;background-repeat:no-repeat;-webkit-background-size:cover;-moz-background-size:cover;-o-background-size:cover;background-size:cover;\"   data-bg-url=\"\">\n\t\t\t\t\t\t<style type=\"text\/css\"><\/style><div class=\"fusion-title title fusion-title-1 sep-underline sep-solid fusion-title-text fusion-title-size-two\" style=\"border-bottom-color:#e0dede;font-size:20px;margin-top:0px;margin-bottom:31px;\"><h2 class=\"title-heading-left\" style=\"margin:0;font-size:1em;color:#890d00;\"><span style=\"font-size: 18pt;\"><strong>2\u00ba PR\u00caMIO DE JORNALISMO<\/strong><\/span><\/h2><\/div><div class=\"fusion-text\"><div id=\"comp-izyttjah\" class=\"_1Q9if _3bcaz\" data-testid=\"richTextElement\">\n<p style=\"text-align: justify;\"><span style=\"font-size: 14pt;\">Vem a\u00ed a 2\u00aa edi\u00e7\u00e3o do Pr\u00eamio Minist\u00e9rio P\u00fablico de Alagoas de Jornalismo. Criado em 2022, o concurso foi tem a finalidade estimular e valorizar as produ\u00e7\u00f5es jornal\u00edsticas que s\u00e3o orientadas pela defesa da cidadania e de direitos sociais e pela preserva\u00e7\u00e3o do patrim\u00f4nio p\u00fablico que fazem refer\u00eancia ao Minist\u00e9rio P\u00fablico do Estado de Alagoas como institui\u00e7\u00e3o fiscalizadora da lei, voltada \u00e0 defesa da sociedade e que atua no enfrentamento aos mais diversos tipos de crimes.<\/span><\/p>\n<p style=\"text-align: justify;\"><span style=\"font-size: 14pt;\">O evento ser\u00e1 realizado no dia 14 de mar\u00e7o de 2024 e, pelo segundo ano, MPAL e imprensa alagoana poder\u00e3o celebrar, juntos, a rela\u00e7\u00e3o de respeito existente entre esses dois atores e, igualmente. Para al\u00e9m dessa comemora\u00e7\u00e3o, o Minist\u00e9rio P\u00fablico do Estado de Alagoas ir\u00e1 homenagear os jornalistas alagoanos, importantes parceiros na divulga\u00e7\u00e3o de suas atividades di\u00e1rias.<\/span><\/p>\n<p style=\"text-align: justify;\"><span style=\"font-size: 14pt;\">Com a realiza\u00e7\u00e3o do 2\u00ba Pr\u00eamio Minist\u00e9rio P\u00fablico de Alagoas de Jornalismo, teremos novas reportagens que tratar\u00e3o a respeito da atua\u00e7\u00e3o de promotores e procuradores de Justi\u00e7a, o que seguir\u00e1 contribuindo, de forma fundamental, para que a sociedade tenha, ainda mais, conhecimento do trabalho desenvolvido por eles em busca da transforma\u00e7\u00e3o social.<\/span><\/p>\n<p style=\"text-align: justify;\"><span style=\"font-size: 14pt;\">Em breve, estaremos juntos para agraciar\u00e1 os melhores trabalhos que destaquem a atua\u00e7\u00e3o do Minist\u00e9rio P\u00fablico. Desejamos boa sorte a todos!<\/span><\/p>\n<\/div>\n<\/div><div class=\"fusion-clearfix\"><\/div>\n\n\t\t\t\t\t<\/div>\n\t\t\t\t<\/div><div  class=\"fusion-layout-column fusion_builder_column fusion_builder_column_2_5 fusion-builder-column-4 fusion-two-fifth fusion-column-last 2_5\"  style='margin-top:0px;margin-bottom:20px;width:40%;width:calc(40% - ( ( 4% ) * 0.4 ) );'>\n\t\t\t\t\t<div class=\"fusion-column-wrapper\" style=\"padding: 0px 0px 0px 0px;background-position:left top;background-repeat:no-repeat;-webkit-background-size:cover;-moz-background-size:cover;-o-background-size:cover;background-size:cover;\"   data-bg-url=\"\">\n\t\t\t\t\t\t<style type=\"text\/css\"><\/style><div class=\"fusion-title title fusion-title-2 fusion-title-text fusion-title-size-three\" style=\"margin-top:40px;margin-bottom:31px;\"><h3 class=\"title-heading-left\" style=\"margin:0;color:#ffffff;\"><strong><span style=\"font-size: 14pt; color: #003866;\">Entre em Contato<\/span><\/strong><\/h3><div class=\"title-sep-container\"><div class=\"title-sep sep-double sep-solid\" style=\"border-color:#003866;\"><\/div><\/div><\/div><div class=\"fusion-text\"><p><span style=\"font-size: 14pt;\"><i class=\"fontawesome-icon fa-phone-alt fas circle-no\" style=\"font-size:18px;margin-right:9px;color:#003866;\"><\/i>(82) 2122-3516<\/span><\/p>\n<\/div><div class=\"fusion-text\"><p><span style=\"font-size: 14pt;\"><i class=\"fontawesome-icon fa-envelope fas circle-no\" style=\"font-size:18px;margin-right:9px;color:#003866;\"><\/i>premiomp.jornalismo@mpal.mp.br<\/span><\/p>\n<\/div><style type=\"text\/css\"><\/style><div class=\"fusion-title title fusion-title-3 fusion-title-text fusion-title-size-three\" style=\"margin-top:40px;margin-bottom:31px;\"><h3 class=\"title-heading-left\" style=\"margin:0;color:#ffffff;\"><strong><span style=\"font-size: 14pt; color: #003866;\">Documentos<\/span><\/strong><\/h3><div class=\"title-sep-container\"><div class=\"title-sep sep-double sep-solid\" style=\"border-color:#003866;\"><\/div><\/div><\/div><div class=\"fusion-text\"><p><span style=\"font-size: 14pt;\"><i class=\"fontawesome-icon fa-file-pdf fas circle-no\" style=\"font-size:18px;margin-right:9px;color:#003866;\"><\/i><a href=\"https:\/\/www.mpal.mp.br\/wp-content\/uploads\/2023\/12\/Edital-Concurso-01.2023.pdf\" target=\"_blank\" rel=\"noopener\">Edital<\/a><\/span><\/p>\n<\/div><div class=\"fusion-text\"><p><span style=\"font-size: 14pt;\"><i class=\"fontawesome-icon fa-file-pdf fas circle-no\" style=\"font-size:18px;margin-right:9px;color:#003866;\"><\/i><a href=\"https:\/\/www.mpal.mp.br\/wp-content\/uploads\/2023\/12\/Premio-MPAL-de-Jornalismo-Ficha-de-Inscricao.pdf\" target=\"_blank\" rel=\"noopener\">Ficha de Inscri\u00e7\u00e3o<\/a><\/span><\/p>\n<\/div><div class=\"fusion-text\"><p><span style=\"font-size: 14pt;\"><i class=\"fontawesome-icon fa-file-pdf fas circle-no\" style=\"font-size:18px;margin-right:9px;color:#003866;\"><\/i><a href=\"https:\/\/www.mpal.mp.br\/wp-content\/uploads\/2023\/12\/Premio-MPAL-de-Jornalismo-Declaracao-de-Coautoria.pdf\" target=\"_blank\" rel=\"noopener\">Declara\u00e7\u00e3o de Coautoria<\/a><\/span><\/p>\n<\/div><div class=\"fusion-text\"><p><span style=\"font-size: 14pt;\"><i class=\"fontawesome-icon fa-file-pdf fas circle-no\" style=\"font-size:18px;margin-right:9px;color:#003866;\"><\/i><a href=\"https:\/\/www.mpal.mp.br\/wp-content\/uploads\/2023\/12\/Premio-MPAL-de-Jornalismo-Declaracao-de-Autoria.pdf\" target=\"_blank\" rel=\"noopener\">Declara\u00e7\u00e3o de Autoria<\/a><\/span><\/p>\n<\/div><div class=\"fusion-text\"><p><span style=\"font-size: 14pt;\"><i class=\"fontawesome-icon fa-file-pdf fas circle-no\" style=\"font-size:18px;margin-right:9px;color:#003866;\"><\/i><a href=\"https:\/\/www.mpal.mp.br\/wp-content\/uploads\/2023\/12\/Premio-MPAL-de-Jornalismo-Autorizacao-do-Uso-de-Trabalho.pdf\" target=\"_blank\" rel=\"noopener\">Autoriza\u00e7\u00e3o de uso de trabalho e cess\u00e3o de direitos<\/a><\/span><\/p>\n<\/div><div class=\"fusion-clearfix\"><\/div>\n\n\t\t\t\t\t<\/div>\n\t\t\t\t<\/div><div  class=\"fusion-layout-column fusion_builder_column fusion_builder_column_1_1 fusion-builder-column-5 fusion-one-full fusion-column-first fusion-column-last 1_1\"  style='margin-top:0px;margin-bottom:20px;'>\n\t\t\t\t\t<div class=\"fusion-column-wrapper\" style=\"padding: 0px 0px 0px 0px;background-position:left top;background-repeat:no-repeat;-webkit-background-size:cover;-moz-background-size:cover;-o-background-size:cover;background-size:cover;\"   data-bg-url=\"\">\n\t\t\t\t\t\t<style type=\"text\/css\"><\/style><div class=\"fusion-title title fusion-title-4 sep-underline sep-solid fusion-title-text fusion-title-size-two\" style=\"border-bottom-color:#e0dede;font-size:20px;margin-top:0px;margin-bottom:31px;\"><h2 class=\"title-heading-left\" style=\"margin:0;font-size:1em;color:#890d00;\"><span style=\"font-size: 18pt;\"><strong>A PREMIA\u00c7\u00c3O<\/strong><\/span><\/h2><\/div><div class=\"fusion-text\"><div id=\"comp-izyttjah\" class=\"_1Q9if _3bcaz\" data-testid=\"richTextElement\">\n<p style=\"text-align: justify;\"><span style=\"font-size: 14pt;\">Os trabalhos vencedores receber\u00e3o, a t\u00edtulo de pr\u00eamio, valores em dinheiro, trof\u00e9us e certificados. O pagamento ser\u00e1 feito mediante dep\u00f3sito em conta banc\u00e1ria de titularidade do candidato que constar na ficha de inscri\u00e7\u00e3o.<\/span><\/p>\n<p style=\"text-align: justify;\"><span style=\"font-size: 14pt;\">Nas categorias profissionais, o primeiro lugar ganhar\u00e1 R$ 2,5 mil. O segundo colocado ser\u00e1 contemplado com R$ 1,5 mil e, o terceiro, receber\u00e1 R$ 1 mil. J\u00e1 o estudante que conquistar o 1\u00ba lugar ganhar\u00e1 R$ 1 mil. Os 2\u00ba e 3\u00ba lugares ganhar\u00e3o agraciados com trof\u00e9us e certificados.<\/span><\/p>\n<p style=\"text-align: justify;\"><span style=\"font-size: 14pt;\">\u201cA cerim\u00f4nia que ser\u00e1 promovida Minist\u00e9rio P\u00fablico do Estado de Alagoas vai homenagear os colegas da imprensa, importantes parceiros da institui\u00e7\u00e3o na divulga\u00e7\u00e3o de suas atividades no dia a dia. Sabemos que, muitas vezes, o papel constitucional do MP \u00e9 confundido com o de outras institui\u00e7\u00f5es, ent\u00e3o, quanto mais pudermos mostrar o trabalho desenvolvido por todos aqueles que fazem o Minist\u00e9rio P\u00fablico, mais esclarecimentos e conhecimento levaremos \u00e0 sociedade. Aproveitamos a oportunidade tamb\u00e9m para agradecer ao procurador-geral de Justi\u00e7a, M\u00e1rcio Roberto, por ter abra\u00e7ado a ideia do pr\u00eamio, que era um sonho antigo da nossa equipe. Demos a largada ano passado para a primeira edi\u00e7\u00e3o e, a partir deste momento, vamos concretizar a segunda. Agora \u00e9 esperar as inscri\u00e7\u00f5es, o julgamento dos trabalhos e a festa que vai consagrar as melhores reportagens. Boa sorte a todos que participar\u00e3o da disputa\u201d, declarou Janaina Ribeiro, diretora de comunica\u00e7\u00e3o do MPAL.<\/span><\/p>\n<\/div>\n<\/div><div class=\"fusion-builder-row fusion-builder-row-inner fusion-row \"><div  class=\"fusion-layout-column fusion_builder_column fusion_builder_column_1_2  fusion-one-half fusion-column-first 1_2\"  style='margin-top: 0px;margin-bottom: 20px;width:50%;width:calc(50% - ( ( 4% ) * 0.5 ) );margin-right:4%;'><div class=\"fusion-column-wrapper fusion-column-wrapper-1\" style=\"padding: 0px 0px 0px 0px;background-position:left top;background-repeat:no-repeat;-webkit-background-size:cover;-moz-background-size:cover;-o-background-size:cover;background-size:cover;\"  data-bg-url=\"\"><style type=\"text\/css\"><\/style><div class=\"fusion-title title fusion-title-5 fusion-title-center fusion-title-text fusion-title-size-two\" style=\"margin-top:40px;margin-bottom:31px;\"><div class=\"title-sep-container title-sep-container-left\"><div class=\"title-sep sep-double sep-solid\" style=\"border-color:#e0dede;\"><\/div><\/div><h2 class=\"title-heading-center\" style=\"margin:0;\"><strong><span style=\"font-size: 18pt; color: #003866;\">ONDE ESTAMOS<\/span><\/strong><\/h2><div class=\"title-sep-container title-sep-container-right\"><div class=\"title-sep sep-double sep-solid\" style=\"border-color:#e0dede;\"><\/div><\/div><\/div><div class=\"imageframe-align-center\"><span style=\"-webkit-border-radius:5px;-moz-border-radius:5px;border-radius:5px;width:100%;max-width:500px;\" class=\"fusion-imageframe imageframe-none imageframe-2 hover-type-none\"><img loading=\"lazy\" decoding=\"async\" src=\"https:\/\/www.mpal.mp.br\/wp-content\/uploads\/2022\/03\/predio_sede.jpg\" width=\"1000\" height=\"550\" alt=\"\" title=\"predio_sede\" class=\"img-responsive wp-image-2857\"\/><\/span><\/div><div class=\"fusion-text\"><div class=\"fusion-person person fusion-person-center fusion-person-2 fusion-person-icon-top\" data-raofz=\"13\">\n<div class=\"person-desc\" data-raofz=\"13\">\n<div class=\"person-author\" data-raofz=\"13\">\n<div class=\"person-author-wrapper\" style=\"text-align: center;\" data-raofz=\"13\">\n<div class=\"fusion-person person fusion-person-center fusion-person-1 fusion-person-icon-top\" data-raofz=\"13\">\n<div class=\"person-desc\" data-raofz=\"13\">\n<div class=\"person-author\" data-raofz=\"13\">\n<div class=\"person-author-wrapper\" data-raofz=\"13\"><span class=\"person-name\" style=\"font-size: 14pt;\" data-raofz=\"13\">Rua Pedro Jorge Melo Silva, n\u00ba 79, Po\u00e7o, Macei\u00f3 \u2013 AL, CEP: 57025-400<\/span><\/div>\n<div class=\"person-author-wrapper\" data-raofz=\"13\"><strong><span class=\"person-title\" style=\"font-size: 14pt;\" data-raofz=\"13\">Segunda \u00e0 Sexta: 07:30H \u00e0s 13:30H<\/span><\/strong><\/div>\n<\/div>\n<\/div>\n<\/div>\n<\/div>\n<\/div>\n<\/div>\n<\/div>\n<\/div><\/div><\/div><div  class=\"fusion-layout-column fusion_builder_column fusion_builder_column_1_2  fusion-one-half fusion-column-last 1_2\"  style='margin-top: 0px;margin-bottom: 20px;width:50%;width:calc(50% - ( ( 4% ) * 0.5 ) );'><div class=\"fusion-column-wrapper fusion-column-wrapper-2\" style=\"padding: 0px 0px 0px 0px;background-position:left top;background-repeat:no-repeat;-webkit-background-size:cover;-moz-background-size:cover;-o-background-size:cover;background-size:cover;\"  data-bg-url=\"\"><style type=\"text\/css\"><\/style><div class=\"fusion-title title fusion-title-6 fusion-title-center fusion-title-text fusion-title-size-two\" style=\"margin-top:40px;margin-bottom:31px;\"><div class=\"title-sep-container title-sep-container-left\"><div class=\"title-sep sep-double sep-solid\" style=\"border-color:#e0dede;\"><\/div><\/div><h2 class=\"title-heading-center\" style=\"margin:0;\"><strong><span style=\"font-size: 18pt; color: #003866;\">ASCOM MPAL<\/span><\/strong><\/h2><div class=\"title-sep-container title-sep-container-right\"><div class=\"title-sep sep-double sep-solid\" style=\"border-color:#e0dede;\"><\/div><\/div><\/div><div class=\"fusion-text\"><div class=\"fusion-person person fusion-person-center fusion-person-2 fusion-person-icon-top\" data-raofz=\"13\">\n<div class=\"person-desc\" data-raofz=\"13\">\n<div class=\"person-author\" data-raofz=\"13\">\n<div class=\"person-author-wrapper\" style=\"text-align: center;\" data-raofz=\"13\">\n<div class=\"fusion-person person fusion-person-center fusion-person-1 fusion-person-icon-top\" data-raofz=\"13\">\n<div class=\"person-desc\" data-raofz=\"13\">\n<div class=\"person-author\" data-raofz=\"13\">\n<div class=\"person-author-wrapper\" data-raofz=\"13\"><span class=\"person-name\" style=\"font-size: 14pt;\" data-raofz=\"13\">Janaina Ribeiro Soares<\/span><\/div>\n<div class=\"person-author-wrapper\" data-raofz=\"13\"><strong><span class=\"person-title\" style=\"font-size: 14pt;\" data-raofz=\"13\">Diretora<\/span><\/strong><\/div>\n<div data-raofz=\"13\"><\/div>\n<\/div>\n<div class=\"person-content fusion-clearfix\" data-raofz=\"13\"><span style=\"font-size: 14pt;\"><strong>(82) 2122-3515<\/strong><\/span><\/div>\n<\/div>\n<\/div>\n<p data-raofz=\"13\"><span style=\"font-size: 14pt;\" data-raofz=\"18\">ascom@mpal.mp.br<\/span><\/p>\n<\/div>\n<\/div>\n<\/div>\n<\/div>\n<\/div><\/div><\/div><\/div><div class=\"fusion-clearfix\"><\/div>\n\n\t\t\t\t\t<\/div>\n\t\t\t\t<\/div><\/div><\/div><div class=\"fusion-fullwidth fullwidth-box fusion-builder-row-3 hundred-percent-fullwidth non-hundred-percent-height-scrolling\"  style='background-color: #7ccef4;background-image:linear-gradient(0deg, var(--awb-color5) 0%,hsla(var(--awb-color5-h),var(--awb-color5-s),var(--awb-color5-l),calc(var(--awb-color5-a) - 20%)) 78%);background-position: center center;background-repeat: no-repeat;padding-top:0px;padding-right:10%;padding-bottom:0px;padding-left:10%;'><div class=\"fusion-builder-row fusion-row \"><div  class=\"fusion-layout-column fusion_builder_column fusion_builder_column_1_1 fusion-builder-column-6 fusion-one-full fusion-column-first fusion-column-last 1_1\"  style='margin-top:0px;margin-bottom:20px;'>\n\t\t\t\t\t<div class=\"fusion-column-wrapper\" style=\"padding: 0px 0px 0px 0px;background-position:left top;background-repeat:no-repeat;-webkit-background-size:cover;-moz-background-size:cover;-o-background-size:cover;background-size:cover;\"   data-bg-url=\"\">\n\t\t\t\t\t\t<div class=\"fusion-section-separator section-separator hills-opacity\" style=\"font-size:0;line-height:0;margin-left:calc( (100% + 12.5% + 12.5%) * 10 \/ -100 );margin-right:calc( (100% + 12.5% + 12.5%) * 10 \/ -100 );\"><svg class=\"fusion-hills-opacity-candy\" fill=\"#ffffff\" xmlns=\"http:\/\/www.w3.org\/2000\/svg\" version=\"1.1\" width=\"100%\" viewBox=\"0 0 1024 182\" preserveAspectRatio=\"none\" class=\"section-separator-shortcode-divider-svg\"><path class=\"st0\" d=\"M0 0h1024v140.5C995.9 162 963.9 178 926.9 178c-112.8 0-198.1-93.8-289.8-93.8s-199.5 91-285.3 91-142.2-82.1-238.5-82.1c-63.1 0-75.7 31.6-113.3 53.6V0z\"\/>\n\t\t\t\t\t\t\t\t\t<path class=\"st1\" d=\"M1024 0v75.9C984.3 60 942.2 48.6 905.3 50.1c-110.4 4.5-191.8 109.8-325.5 116.2C470.6 171.5 235.6 46.1 150.3 0H1024z\"\/>\n\t\t\t\t\t\t\t\t\t<path class=\"st2\" d=\"M0 0h1024v92c-57.5 30.9-116.9 73.7-199.9 75-133.8 2-158.9-87.9-342-87.9S202.1 183.7 74.2 182c-27.8-.3-52.4-4.2-74.2-9.7V0z\"\/>\n\t\t\t\t\t\t\t\t\t<path class=\"st3\" d=\"M0 0h1024v101.6C986.8 82 943.3 66.3 884.4 65.4 733.3 63 742.8 94 585.9 94.6S447 47.6 280.4 50.9C132.8 53.6 91.2 137.5 0 154V0z\"\/>\n\t\t\t\t\t\t\t\t\t<path class=\"st4\" d=\"M0 0h1024v77.3c-49-20.1-120.5-42.4-193.2-42.1-128.9.5-159.8 72.3-255.8 72.3-89.1 0-134.7-80.2-245-82-110.4-1.8-160.9 57.2-280 59.2-17.2.3-33.9-1.8-50-5.7V0z\"\/>\n\t\t\t\t\t\t\t\t<\/svg><\/div><div class=\"fusion-clearfix\"><\/div>\n\n\t\t\t\t\t<\/div>\n\t\t\t\t<\/div><\/div><\/div><\/p>\n","protected":false},"excerpt":{"rendered":"","protected":false},"author":1,"featured_media":0,"parent":0,"menu_order":0,"comment_status":"closed","ping_status":"closed","template":"100-width.php","meta":{"om_disable_all_campaigns":false,"_monsterinsights_skip_tracking":false,"_monsterinsights_sitenote_active":false,"_monsterinsights_sitenote_note":"","_monsterinsights_sitenote_category":0,"_uf_show_specific_survey":0,"_uf_disable_surveys":false,"footnotes":""},"class_list":["post-18425","page","type-page","status-publish","hentry"],"aioseo_notices":[],"_links":{"self":[{"href":"https:\/\/www.mpal.mp.br\/index.php?rest_route=\/wp\/v2\/pages\/18425","targetHints":{"allow":["GET"]}}],"collection":[{"href":"https:\/\/www.mpal.mp.br\/index.php?rest_route=\/wp\/v2\/pages"}],"about":[{"href":"https:\/\/www.mpal.mp.br\/index.php?rest_route=\/wp\/v2\/types\/page"}],"author":[{"embeddable":true,"href":"https:\/\/www.mpal.mp.br\/index.php?rest_route=\/wp\/v2\/users\/1"}],"replies":[{"embeddable":true,"href":"https:\/\/www.mpal.mp.br\/index.php?rest_route=%2Fwp%2Fv2%2Fcomments&post=18425"}],"version-history":[{"count":23,"href":"https:\/\/www.mpal.mp.br\/index.php?rest_route=\/wp\/v2\/pages\/18425\/revisions"}],"predecessor-version":[{"id":35151,"href":"https:\/\/www.mpal.mp.br\/index.php?rest_route=\/wp\/v2\/pages\/18425\/revisions\/35151"}],"wp:attachment":[{"href":"https:\/\/www.mpal.mp.br\/index.php?rest_route=%2Fwp%2Fv2%2Fmedia&parent=18425"}],"curies":[{"name":"wp","href":"https:\/\/api.w.org\/{rel}","templated":true}]}}